{"id":249,"date":"2023-07-25T01:56:46","date_gmt":"2023-07-25T01:56:46","guid":{"rendered":"https:\/\/demo.7iquid.tech\/basilico\/main\/?page_id=249"},"modified":"2026-02-26T18:25:55","modified_gmt":"2026-02-26T18:25:55","slug":"blog","status":"publish","type":"page","link":"https:\/\/restoranopera.rs\/en\/blog\/","title":{"rendered":"Blog"},"content":{"rendered":"<div data-elementor-type=\"wp-page\" data-elementor-id=\"249\" class=\"elementor elementor-249\">\n\t\t\t\t        <section class=\"elementor-section elementor-top-section elementor-element elementor-element-38e97cb elementor-section-boxed elementor-section-height-default elementor-section-height-default pxl-section-static-pos-no pxl-section-overflow-hidden-no\" data-id=\"38e97cb\" data-element_type=\"section\">\n\n                \n                <div class=\"elementor-container elementor-column-gap-default\">\n                <div class=\"elementor-column elementor-col-100 elementor-top-column elementor-element elementor-element-c9a5159 pxl-column-element-default pxl-column-fullwidth-no\" data-id=\"c9a5159\" data-element_type=\"column\">\r\n        <div class=\"elementor-widget-wrap elementor-element-populated\">\r\n                    \t\t<div class=\"elementor-element elementor-element-7b9643c pxl-heading-align-center pxl-heading-layout-1 elementor-widget elementor-widget-pxl_heading\" data-id=\"7b9643c\" data-element_type=\"widget\" data-widget_type=\"pxl_heading.default\">\n\t\t\t\t<div class=\"elementor-widget-container\">\n\t\t\t\t\t<div class=\"pxl-heading-wrap d-flex layout1\">\n    <div class=\"pxl-heading-inner\">\n                        <h2 class=\"heading-title highlighted style-1\">\n                        Restaurant Opera                    <\/h2>\n                    <div class=\"heading-description\">\n                <span>Stories of food, flavor, and the spirit of Belgrade<\/span>\n            <\/div>\n            <\/div>\n<\/div>\t\t\t\t<\/div>\n\t\t\t\t<\/div>\n\t\t\t\t<div class=\"elementor-element elementor-element-ad209ab elementor-widget elementor-widget-pxl_post_grid\" data-id=\"ad209ab\" data-element_type=\"widget\" data-widget_type=\"pxl_post_grid.default\">\n\t\t\t\t<div class=\"elementor-widget-container\">\n\t\t\t\t\t\n<div id=\"pxl_post_grid-ad209ab-3126\" class=\"pxl-grid pxl-post-grid layout-post-1\" data-layout-mode=\"fitRows\" data-start-page=\"1\" data-max-pages=\"1\" data-total=\"1\" data-perpage=\"6\" data-next-link=\"\">\n    <div class=\"pxl-grid-overlay\"><\/div>\n    \n    <div class=\"pxl-grid-inner pxl-grid-masonry row relative overflow-hidden animation-time\"> \n                <div class=\"grid-item col-xxl-4 col-xl-4 col-lg-4 col-md-6 col-sm-6 col-12\" >\n            <div class=\"grid-item-inner\">\n                                    <div class=\"item-featured\">\n                                                <div class=\"post-image scale-hover\">\n                            <a href=\"https:\/\/restoranopera.rs\/en\/restorani-centar-zasto-je-restoran-opera-medju-najboljima-u-beogradu\/\">\n                                <img decoding=\"async\" class=\"no-lazyload\" src=\"https:\/\/restoranopera.rs\/wp-content\/uploads\/2025\/12\/Opera-1-small-11-of-102-370x453.jpg\" width=\"370\" height=\"453\" alt=\"Opera-1-small (11 of 102)\" title=\"Opera-1-small (11 of 102)\" \/>                            <\/a>\n                                                <h3 class=\"item-title\"><a href=\"https:\/\/restoranopera.rs\/en\/restorani-centar-zasto-je-restoran-opera-medju-najboljima-u-beogradu\/\">City Center Restaurants * Restaurant Opera Among the Best in Belgrade<\/a><\/h3>\n                <\/div>\n            <\/div>\n                <div class=\"item-content\">\n                                        <div class=\"pxl-divider\"><\/div>\n                                        <div class=\"item-excerpt\">\n                    When searching for restaurants in the city center, expectations are high. The location must be prestigious, the ambiance elegant, and the cuisine of uncompromising quality. In a sea of options, only\u2026                <\/div>\n                                        <div class=\"item-readmore pxl-button-wrapper\">\n                    <a class=\"btn-more\" href=\"https:\/\/restoranopera.rs\/en\/restorani-centar-zasto-je-restoran-opera-medju-najboljima-u-beogradu\/\">\n                        <span>Learn More<\/span>\n                        <i class=\"zmdi zmdi-long-arrow-right\"><\/i>\n                    <\/a>\n                <\/div>\n                    <\/div>\n    <\/div>\n<\/div>\n    <\/div>\n    \n        <\/div>\t\t\t\t<\/div>\n\t\t\t\t<\/div>\n\t\t                    <\/div>\r\n        <\/div>\r\n        \t\t\t<\/div>\n\t\t<\/section>\n\t\t\t\t<\/div>","protected":false},"excerpt":{"rendered":"<p>Restoran Opera Pri\u010de o hrani, ukusu i duhu Beograda Restorani centar * Restoran Opera me\u0111u najboljima u Beogradu Restorana Opera Pri\u010de o hrani, ukusu i duhu Beograda Restorani centar * Restoran Opera me\u0111u najboljima u Beogradu Kada se pretra\u017euju restorani&hellip; Saznajte Vi\u0161e<\/p>","protected":false},"author":1,"featured_media":0,"parent":0,"menu_order":0,"comment_status":"closed","ping_status":"closed","template":"","meta":{"footnotes":""},"class_list":["post-249","page","type-page","status-publish","hentry"],"yoast_head":"<!-- This site is optimized with the Yoast SEO Premium plugin v26.8 (Yoast SEO v26.8) - https:\/\/yoast.com\/product\/yoast-seo-premium-wordpress\/ -->\n<title>Blog - Restoran Opera<\/title>\n<meta name=\"robots\" content=\"index, follow, max-snippet:-1, max-image-preview:large, max-video-preview:-1\" \/>\n<link rel=\"canonical\" href=\"https:\/\/restoranopera.rs\/en\/blog\/\" \/>\n<meta property=\"og:locale\" content=\"en_GB\" \/>\n<meta property=\"og:type\" content=\"article\" \/>\n<meta property=\"og:title\" content=\"Blog\" \/>\n<meta property=\"og:description\" content=\"Restoran Opera Pri\u010de o hrani, ukusu i duhu Beograda Restorani centar * Restoran Opera me\u0111u najboljima u Beogradu Restorana Opera Pri\u010de o hrani, ukusu i duhu Beograda Restorani centar * Restoran Opera me\u0111u najboljima u Beogradu Kada se pretra\u017euju restorani&hellip; Saznajte Vi\u0161e\" \/>\n<meta property=\"og:url\" content=\"https:\/\/restoranopera.rs\/en\/blog\/\" \/>\n<meta property=\"og:site_name\" content=\"Restoran Opera\" \/>\n<meta property=\"article:modified_time\" content=\"2026-02-26T18:25:55+00:00\" \/>\n<meta property=\"og:image\" content=\"https:\/\/restoranopera.rs\/wp-content\/uploads\/2025\/12\/Opera-1-small-11-of-102-370x453.jpg\" \/>\n<meta name=\"twitter:card\" content=\"summary_large_image\" \/>\n<meta name=\"twitter:label1\" content=\"Estimated reading time\" \/>\n\t<meta name=\"twitter:data1\" content=\"1 minute\" \/>\n<script type=\"application\/ld+json\" class=\"yoast-schema-graph\">{\"@context\":\"https:\/\/schema.org\",\"@graph\":[{\"@type\":\"WebPage\",\"@id\":\"https:\/\/restoranopera.rs\/blog\/\",\"url\":\"https:\/\/restoranopera.rs\/blog\/\",\"name\":\"Blog - Restoran Opera\",\"isPartOf\":{\"@id\":\"https:\/\/restoranopera.rs\/#website\"},\"primaryImageOfPage\":{\"@id\":\"https:\/\/restoranopera.rs\/blog\/#primaryimage\"},\"image\":{\"@id\":\"https:\/\/restoranopera.rs\/blog\/#primaryimage\"},\"thumbnailUrl\":\"https:\/\/restoranopera.rs\/wp-content\/uploads\/2025\/12\/Opera-1-small-11-of-102-370x453.jpg\",\"datePublished\":\"2023-07-25T01:56:46+00:00\",\"dateModified\":\"2026-02-26T18:25:55+00:00\",\"breadcrumb\":{\"@id\":\"https:\/\/restoranopera.rs\/blog\/#breadcrumb\"},\"inLanguage\":\"en-GB\",\"potentialAction\":[{\"@type\":\"ReadAction\",\"target\":[\"https:\/\/restoranopera.rs\/blog\/\"]}]},{\"@type\":\"ImageObject\",\"inLanguage\":\"en-GB\",\"@id\":\"https:\/\/restoranopera.rs\/blog\/#primaryimage\",\"url\":\"https:\/\/restoranopera.rs\/wp-content\/uploads\/2025\/12\/Opera-1-small-11-of-102-370x453.jpg\",\"contentUrl\":\"https:\/\/restoranopera.rs\/wp-content\/uploads\/2025\/12\/Opera-1-small-11-of-102-370x453.jpg\"},{\"@type\":\"BreadcrumbList\",\"@id\":\"https:\/\/restoranopera.rs\/blog\/#breadcrumb\",\"itemListElement\":[{\"@type\":\"ListItem\",\"position\":1,\"name\":\"Home\",\"item\":\"https:\/\/restoranopera.rs\/\"},{\"@type\":\"ListItem\",\"position\":2,\"name\":\"Blog\"}]},{\"@type\":\"WebSite\",\"@id\":\"https:\/\/restoranopera.rs\/#website\",\"url\":\"https:\/\/restoranopera.rs\/\",\"name\":\"Restoran Opera\",\"description\":\"\",\"publisher\":{\"@id\":\"https:\/\/restoranopera.rs\/#organization\"},\"potentialAction\":[{\"@type\":\"SearchAction\",\"target\":{\"@type\":\"EntryPoint\",\"urlTemplate\":\"https:\/\/restoranopera.rs\/?s={search_term_string}\"},\"query-input\":{\"@type\":\"PropertyValueSpecification\",\"valueRequired\":true,\"valueName\":\"search_term_string\"}}],\"inLanguage\":\"en-GB\"},{\"@type\":[\"Organization\",\"Place\"],\"@id\":\"https:\/\/restoranopera.rs\/#organization\",\"name\":\"Restoran Opera\",\"url\":\"https:\/\/restoranopera.rs\/\",\"logo\":{\"@id\":\"https:\/\/restoranopera.rs\/blog\/#local-main-organization-logo\"},\"image\":{\"@id\":\"https:\/\/restoranopera.rs\/blog\/#local-main-organization-logo\"},\"sameAs\":[\"https:\/\/www.instagram.com\/restoran_opera\/\"],\"telephone\":[],\"openingHoursSpecification\":[{\"@type\":\"OpeningHoursSpecification\",\"dayOfWeek\":[\"Monday\",\"Tuesday\",\"Wednesday\",\"Thursday\",\"Friday\",\"Saturday\",\"Sunday\"],\"opens\":\"09:00\",\"closes\":\"17:00\"}]},{\"@type\":\"ImageObject\",\"inLanguage\":\"en-GB\",\"@id\":\"https:\/\/restoranopera.rs\/blog\/#local-main-organization-logo\",\"url\":\"https:\/\/restoranopera.rs\/wp-content\/uploads\/2025\/12\/Opera-logo-vektorski-01.webp\",\"contentUrl\":\"https:\/\/restoranopera.rs\/wp-content\/uploads\/2025\/12\/Opera-logo-vektorski-01.webp\",\"width\":2481,\"height\":2481,\"caption\":\"Restoran Opera\"}]}<\/script>\n<!-- \/ Yoast SEO Premium plugin. -->","yoast_head_json":{"title":"Blog - Restoran Opera","robots":{"index":"index","follow":"follow","max-snippet":"max-snippet:-1","max-image-preview":"max-image-preview:large","max-video-preview":"max-video-preview:-1"},"canonical":"https:\/\/restoranopera.rs\/en\/blog\/","og_locale":"en_GB","og_type":"article","og_title":"Blog","og_description":"Restoran Opera Pri\u010de o hrani, ukusu i duhu Beograda Restorani centar * Restoran Opera me\u0111u najboljima u Beogradu Restorana Opera Pri\u010de o hrani, ukusu i duhu Beograda Restorani centar * Restoran Opera me\u0111u najboljima u Beogradu Kada se pretra\u017euju restorani&hellip; Saznajte Vi\u0161e","og_url":"https:\/\/restoranopera.rs\/en\/blog\/","og_site_name":"Restoran Opera","article_modified_time":"2026-02-26T18:25:55+00:00","og_image":[{"url":"https:\/\/restoranopera.rs\/wp-content\/uploads\/2025\/12\/Opera-1-small-11-of-102-370x453.jpg","type":"","width":"","height":""}],"twitter_card":"summary_large_image","twitter_misc":{"Estimated reading time":"1 minute"},"schema":{"@context":"https:\/\/schema.org","@graph":[{"@type":"WebPage","@id":"https:\/\/restoranopera.rs\/blog\/","url":"https:\/\/restoranopera.rs\/blog\/","name":"Blog - Restoran Opera","isPartOf":{"@id":"https:\/\/restoranopera.rs\/#website"},"primaryImageOfPage":{"@id":"https:\/\/restoranopera.rs\/blog\/#primaryimage"},"image":{"@id":"https:\/\/restoranopera.rs\/blog\/#primaryimage"},"thumbnailUrl":"https:\/\/restoranopera.rs\/wp-content\/uploads\/2025\/12\/Opera-1-small-11-of-102-370x453.jpg","datePublished":"2023-07-25T01:56:46+00:00","dateModified":"2026-02-26T18:25:55+00:00","breadcrumb":{"@id":"https:\/\/restoranopera.rs\/blog\/#breadcrumb"},"inLanguage":"en-GB","potentialAction":[{"@type":"ReadAction","target":["https:\/\/restoranopera.rs\/blog\/"]}]},{"@type":"ImageObject","inLanguage":"en-GB","@id":"https:\/\/restoranopera.rs\/blog\/#primaryimage","url":"https:\/\/restoranopera.rs\/wp-content\/uploads\/2025\/12\/Opera-1-small-11-of-102-370x453.jpg","contentUrl":"https:\/\/restoranopera.rs\/wp-content\/uploads\/2025\/12\/Opera-1-small-11-of-102-370x453.jpg"},{"@type":"BreadcrumbList","@id":"https:\/\/restoranopera.rs\/blog\/#breadcrumb","itemListElement":[{"@type":"ListItem","position":1,"name":"Home","item":"https:\/\/restoranopera.rs\/"},{"@type":"ListItem","position":2,"name":"Blog"}]},{"@type":"WebSite","@id":"https:\/\/restoranopera.rs\/#website","url":"https:\/\/restoranopera.rs\/","name":"Restaurant Opera","description":"","publisher":{"@id":"https:\/\/restoranopera.rs\/#organization"},"potentialAction":[{"@type":"SearchAction","target":{"@type":"EntryPoint","urlTemplate":"https:\/\/restoranopera.rs\/?s={search_term_string}"},"query-input":{"@type":"PropertyValueSpecification","valueRequired":true,"valueName":"search_term_string"}}],"inLanguage":"en-GB"},{"@type":["Organization","Place"],"@id":"https:\/\/restoranopera.rs\/#organization","name":"Restaurant Opera","url":"https:\/\/restoranopera.rs\/","logo":{"@id":"https:\/\/restoranopera.rs\/blog\/#local-main-organization-logo"},"image":{"@id":"https:\/\/restoranopera.rs\/blog\/#local-main-organization-logo"},"sameAs":["https:\/\/www.instagram.com\/restoran_opera\/"],"telephone":[],"openingHoursSpecification":[{"@type":"OpeningHoursSpecification","dayOfWeek":["Monday","Tuesday","Wednesday","Thursday","Friday","Saturday","Sunday"],"opens":"09:00","closes":"17:00"}]},{"@type":"ImageObject","inLanguage":"en-GB","@id":"https:\/\/restoranopera.rs\/blog\/#local-main-organization-logo","url":"https:\/\/restoranopera.rs\/wp-content\/uploads\/2025\/12\/Opera-logo-vektorski-01.webp","contentUrl":"https:\/\/restoranopera.rs\/wp-content\/uploads\/2025\/12\/Opera-logo-vektorski-01.webp","width":2481,"height":2481,"caption":"Restoran Opera"}]}},"_links":{"self":[{"href":"https:\/\/restoranopera.rs\/en\/wp-json\/wp\/v2\/pages\/249","targetHints":{"allow":["GET"]}}],"collection":[{"href":"https:\/\/restoranopera.rs\/en\/wp-json\/wp\/v2\/pages"}],"about":[{"href":"https:\/\/restoranopera.rs\/en\/wp-json\/wp\/v2\/types\/page"}],"author":[{"embeddable":true,"href":"https:\/\/restoranopera.rs\/en\/wp-json\/wp\/v2\/users\/1"}],"replies":[{"embeddable":true,"href":"https:\/\/restoranopera.rs\/en\/wp-json\/wp\/v2\/comments?post=249"}],"version-history":[{"count":20,"href":"https:\/\/restoranopera.rs\/en\/wp-json\/wp\/v2\/pages\/249\/revisions"}],"predecessor-version":[{"id":8303,"href":"https:\/\/restoranopera.rs\/en\/wp-json\/wp\/v2\/pages\/249\/revisions\/8303"}],"wp:attachment":[{"href":"https:\/\/restoranopera.rs\/en\/wp-json\/wp\/v2\/media?parent=249"}],"curies":[{"name":"wp","href":"https:\/\/api.w.org\/{rel}","templated":true}]}}